{"id":4593,"date":"2024-02-17T10:31:56","date_gmt":"2024-02-17T10:31:56","guid":{"rendered":"https:\/\/belgianbuggy.com\/?page_id=4593"},"modified":"2024-10-10T20:00:24","modified_gmt":"2024-10-10T20:00:24","slug":"contact","status":"publish","type":"page","link":"https:\/\/belgianbuggy.com\/index.php\/contact\/","title":{"rendered":"Contact"},"content":{"rendered":"\n<figure class=\"wp-block-image size-large\"><img decoding=\"async\" width=\"1024\" height=\"576\" src=\"http:\/\/belgianbuggy.com\/wp-content\/uploads\/2024\/01\/FB_IMG_1705574417966-1024x576.jpg\" alt=\"\" class=\"wp-image-193\" srcset=\"https:\/\/belgianbuggy.com\/wp-content\/uploads\/2024\/01\/FB_IMG_1705574417966-1024x576.jpg 1024w, https:\/\/belgianbuggy.com\/wp-content\/uploads\/2024\/01\/FB_IMG_1705574417966-300x169.jpg 300w, https:\/\/belgianbuggy.com\/wp-content\/uploads\/2024\/01\/FB_IMG_1705574417966-768x432.jpg 768w, https:\/\/belgianbuggy.com\/wp-content\/uploads\/2024\/01\/FB_IMG_1705574417966.jpg 1080w\" sizes=\"(max-width: 1024px) 100vw, 1024px\" \/><\/figure>\n\n\n\n<p>Salut \u00e0 tous!<\/p>\n\n\n\n<p>Nous voici Serge et St\u00e9phan, deux passionn\u00e9s de la premi\u00e8re heure. On tourne dans pas mal de meetings en Belgique principalement mais somme d\u00e9sireux de faire partager notre passion \u00e0 travers le monde (rien que \u00e7a lol).<\/p>\n\n\n\n<p>Au fil des ann\u00e9es nous avons r\u00e9uni pas mal de de documentation et notamment \u00e0 propos des buggys Belge et avons d\u00e9couvert qu&rsquo;il en existait plein d&rsquo;autres (mais les Belges restent les meilleurs lol)<\/p>\n\n\n\n<p>Au plaisir de vous rencontrer et de partager<\/p>\n\n\n<div class=\"wpforms-container wpforms-container-full wpforms-block wpforms-block-36b258fd-380b-49d8-a5c5-64342c5fa66c wpforms-render-modern\" id=\"wpforms-4607\"><form id=\"wpforms-form-4607\" class=\"wpforms-validate wpforms-form wpforms-ajax-form\" data-formid=\"4607\" method=\"post\" enctype=\"multipart\/form-data\" action=\"\/index.php\/wp-json\/wp\/v2\/pages\/4593\" data-token=\"a3965c907750e5f5131a7304b44a21ba\" data-token-time=\"1776129943\"><noscript class=\"wpforms-error-noscript\">Veuillez activer JavaScript dans votre navigateur pour remplir ce formulaire.<\/noscript><div id=\"wpforms-error-noscript\" style=\"display: none;\">Veuillez activer JavaScript dans votre navigateur pour remplir ce formulaire.<\/div><div class=\"wpforms-field-container\"><div id=\"wpforms-4607-field_0-container\" class=\"wpforms-field wpforms-field-name\" data-field-id=\"0\"><fieldset><legend class=\"wpforms-field-label\">Nom <span class=\"wpforms-required-label\" aria-hidden=\"true\">*<\/span><\/legend><div class=\"wpforms-field-row wpforms-field-medium\"><div class=\"wpforms-field-row-block wpforms-first wpforms-one-half\"><input type=\"text\" id=\"wpforms-4607-field_0\" class=\"wpforms-field-name-first wpforms-field-required\" name=\"wpforms[fields][0][first]\" aria-errormessage=\"wpforms-4607-field_0-error\" required><label for=\"wpforms-4607-field_0\" class=\"wpforms-field-sublabel after\">Pr\u00e9nom<\/label><\/div><div class=\"wpforms-field-row-block wpforms-one-half\"><input type=\"text\" id=\"wpforms-4607-field_0-last\" class=\"wpforms-field-name-last wpforms-field-required\" name=\"wpforms[fields][0][last]\" aria-errormessage=\"wpforms-4607-field_0-last-error\" required><label for=\"wpforms-4607-field_0-last\" class=\"wpforms-field-sublabel after\">Nom<\/label><\/div><\/div><\/fieldset><\/div>\t\t<div id=\"wpforms-4607-field_3-container\"\n\t\t\tclass=\"wpforms-field wpforms-field-text\"\n\t\t\tdata-field-type=\"text\"\n\t\t\tdata-field-id=\"3\"\n\t\t\t>\n\t\t\t<label class=\"wpforms-field-label\" for=\"wpforms-4607-field_3\" >ou Nom message<\/label>\n\t\t\t<input type=\"text\" id=\"wpforms-4607-field_3\" class=\"wpforms-field-medium\" name=\"wpforms[fields][3]\" >\n\t\t<\/div>\n\t\t<div id=\"wpforms-4607-field_1-container\" class=\"wpforms-field wpforms-field-email\" data-field-id=\"1\"><label class=\"wpforms-field-label\" for=\"wpforms-4607-field_1\">E-mail <span class=\"wpforms-required-label\" aria-hidden=\"true\">*<\/span><\/label><input type=\"email\" id=\"wpforms-4607-field_1\" class=\"wpforms-field-medium wpforms-field-required\" name=\"wpforms[fields][1]\" spellcheck=\"false\" aria-errormessage=\"wpforms-4607-field_1-error\" required><\/div><div id=\"wpforms-4607-field_2-container\" class=\"wpforms-field wpforms-field-textarea\" data-field-id=\"2\"><label class=\"wpforms-field-label\" for=\"wpforms-4607-field_2\">Commentaire ou message<\/label><textarea id=\"wpforms-4607-field_2\" class=\"wpforms-field-medium\" name=\"wpforms[fields][2]\" aria-errormessage=\"wpforms-4607-field_2-error\" ><\/textarea><\/div><script>\n\t\t\t\t( function() {\n\t\t\t\t\tconst style = document.createElement( 'style' );\n\t\t\t\t\tstyle.appendChild( document.createTextNode( '#wpforms-4607-field_3-container { position: absolute !important; overflow: hidden !important; display: inline !important; height: 1px !important; width: 1px !important; z-index: -1000 !important; padding: 0 !important; } #wpforms-4607-field_3-container input { visibility: hidden; } #wpforms-conversational-form-page #wpforms-4607-field_3-container label { counter-increment: none; }' ) );\n\t\t\t\t\tdocument.head.appendChild( style );\n\t\t\t\t\tdocument.currentScript?.remove();\n\t\t\t\t} )();\n\t\t\t<\/script><\/div><!-- .wpforms-field-container --><div class=\"wpforms-submit-container\" ><input type=\"hidden\" name=\"wpforms[id]\" value=\"4607\"><input type=\"hidden\" name=\"page_title\" value=\"\"><input type=\"hidden\" name=\"page_url\" value=\"https:\/\/belgianbuggy.com\/index.php\/wp-json\/wp\/v2\/pages\/4593\"><input type=\"hidden\" name=\"url_referer\" value=\"\"><button type=\"submit\" name=\"wpforms[submit]\" id=\"wpforms-submit-4607\" class=\"wpforms-submit\" data-alt-text=\"Envoi...\" data-submit-text=\"Envoyer\" aria-live=\"assertive\" value=\"wpforms-submit\">Envoyer<\/button><img decoding=\"async\" src=\"https:\/\/belgianbuggy.com\/wp-content\/plugins\/wpforms-lite\/assets\/images\/submit-spin.svg\" class=\"wpforms-submit-spinner\" style=\"display: none;\" width=\"26\" height=\"26\" alt=\"Chargement en cours\"><\/div><\/form><\/div>  <!-- .wpforms-container -->","protected":false},"excerpt":{"rendered":"<p>Salut \u00e0 tous! Nous voici Serge et St\u00e9phan, deux passionn\u00e9s de la premi\u00e8re heure. On tourne dans pas mal de meetings en Belgique principalement mais somme d\u00e9sireux de faire partager notre passion \u00e0 travers le monde (rien que \u00e7a lol). Au fil des ann\u00e9es nous avons r\u00e9uni pas mal de de documentation et notamment \u00e0 [&hellip;]<\/p>\n","protected":false},"author":1,"featured_media":0,"parent":0,"menu_order":0,"comment_status":"closed","ping_status":"closed","template":"","meta":{"_monsterinsights_skip_tracking":false,"_monsterinsights_sitenote_active":false,"_monsterinsights_sitenote_note":"","_monsterinsights_sitenote_category":0,"footnotes":""},"class_list":["post-4593","page","type-page","status-publish","hentry"],"aioseo_notices":[],"_links":{"self":[{"href":"https:\/\/belgianbuggy.com\/index.php\/wp-json\/wp\/v2\/pages\/4593","targetHints":{"allow":["GET"]}}],"collection":[{"href":"https:\/\/belgianbuggy.com\/index.php\/wp-json\/wp\/v2\/pages"}],"about":[{"href":"https:\/\/belgianbuggy.com\/index.php\/wp-json\/wp\/v2\/types\/page"}],"author":[{"embeddable":true,"href":"https:\/\/belgianbuggy.com\/index.php\/wp-json\/wp\/v2\/users\/1"}],"replies":[{"embeddable":true,"href":"https:\/\/belgianbuggy.com\/index.php\/wp-json\/wp\/v2\/comments?post=4593"}],"version-history":[{"count":5,"href":"https:\/\/belgianbuggy.com\/index.php\/wp-json\/wp\/v2\/pages\/4593\/revisions"}],"predecessor-version":[{"id":11038,"href":"https:\/\/belgianbuggy.com\/index.php\/wp-json\/wp\/v2\/pages\/4593\/revisions\/11038"}],"wp:attachment":[{"href":"https:\/\/belgianbuggy.com\/index.php\/wp-json\/wp\/v2\/media?parent=4593"}],"curies":[{"name":"wp","href":"https:\/\/api.w.org\/{rel}","templated":true}]}}