{"id":15,"date":"2024-01-02T16:41:49","date_gmt":"2024-01-02T16:41:49","guid":{"rendered":"https:\/\/belgianbuggy.com\/?page_id=15"},"modified":"2024-02-24T13:48:48","modified_gmt":"2024-02-24T13:48:48","slug":"belgian-buggy","status":"publish","type":"page","link":"https:\/\/belgianbuggy.com\/index.php\/belgian-buggy\/","title":{"rendered":"Van Clee"},"content":{"rendered":"\n<div class=\"wp-block-columns is-layout-flex wp-container-core-columns-is-layout-9d6595d7 wp-block-columns-is-layout-flex\">\n<div class=\"wp-block-column is-vertically-aligned-center is-layout-flow wp-block-column-is-layout-flow\" style=\"flex-basis:100%\"><\/div>\n<\/div>\n\n\n\n<div class=\"wp-block-columns is-layout-flex wp-container-core-columns-is-layout-9d6595d7 wp-block-columns-is-layout-flex\">\n<div class=\"wp-block-column is-layout-flow wp-block-column-is-layout-flow\">\n<figure data-wp-context=\"{&quot;imageId&quot;:&quot;69dd979834eb5&quot;}\" data-wp-interactive=\"core\/image\" data-wp-key=\"69dd979834eb5\" class=\"wp-block-image size-full wp-lightbox-container\"><img decoding=\"async\" width=\"844\" height=\"715\" data-wp-class--hide=\"state.isContentHidden\" data-wp-class--show=\"state.isContentVisible\" data-wp-init=\"callbacks.setButtonStyles\" data-wp-on--click=\"actions.showLightbox\" data-wp-on--load=\"callbacks.setButtonStyles\" data-wp-on-window--resize=\"callbacks.setButtonStyles\" src=\"https:\/\/belgianbuggy.com\/wp-content\/uploads\/2024\/01\/FB_IMG_1704436986431-2.jpg\" alt=\"\" class=\"wp-image-1320\" srcset=\"https:\/\/belgianbuggy.com\/wp-content\/uploads\/2024\/01\/FB_IMG_1704436986431-2.jpg 844w, https:\/\/belgianbuggy.com\/wp-content\/uploads\/2024\/01\/FB_IMG_1704436986431-2-300x254.jpg 300w, https:\/\/belgianbuggy.com\/wp-content\/uploads\/2024\/01\/FB_IMG_1704436986431-2-768x651.jpg 768w\" sizes=\"(max-width: 844px) 100vw, 844px\" \/><button\n\t\t\tclass=\"lightbox-trigger\"\n\t\t\ttype=\"button\"\n\t\t\taria-haspopup=\"dialog\"\n\t\t\taria-label=\"Enlarge\"\n\t\t\tdata-wp-init=\"callbacks.initTriggerButton\"\n\t\t\tdata-wp-on--click=\"actions.showLightbox\"\n\t\t\tdata-wp-style--right=\"state.imageButtonRight\"\n\t\t\tdata-wp-style--top=\"state.imageButtonTop\"\n\t\t>\n\t\t\t<svg xmlns=\"http:\/\/www.w3.org\/2000\/svg\" width=\"12\" height=\"12\" fill=\"none\" viewBox=\"0 0 12 12\">\n\t\t\t\t<path fill=\"#fff\" d=\"M2 0a2 2 0 0 0-2 2v2h1.5V2a.5.5 0 0 1 .5-.5h2V0H2Zm2 10.5H2a.5.5 0 0 1-.5-.5V8H0v2a2 2 0 0 0 2 2h2v-1.5ZM8 12v-1.5h2a.5.5 0 0 0 .5-.5V8H12v2a2 2 0 0 1-2 2H8Zm2-12a2 2 0 0 1 2 2v2h-1.5V2a.5.5 0 0 0-.5-.5H8V0h2Z\" \/>\n\t\t\t<\/svg>\n\t\t<\/button><\/figure>\n<\/div>\n\n\n\n<div class=\"wp-block-column is-layout-flow wp-block-column-is-layout-flow\">\n<p> <a href=\"https:\/\/belgianbuggy.com\/index.php\/belgian-buggy\/info-tech-vanclee\/\" title=\"info tech Vanclee\">info tech Vanclee<\/a><\/p>\n\n\n\n<p><a href=\"https:\/\/belgianbuggy.com\/index.php\/belgian-buggy\/photo-vanclee\/\" title=\"photo Vanclee premi\u00e8re g\u00e9n\u00e9ration\">photo Vanclee premi\u00e8re g\u00e9n\u00e9ration<\/a><\/p>\n\n\n\n<p><a href=\"https:\/\/belgianbuggy.com\/index.php\/belgian-buggy\/publicites-vanclee\/\" title=\"publicit\u00e9s Vanclee\">publicit\u00e9s Vanclee<\/a><\/p>\n<\/div>\n<\/div>\n\n\n\n<p class=\"has-text-align-center\">Vanclee premi\u00e8re g\u00e9n\u00e9ration <\/p>\n\n\n\n<div class=\"wp-block-columns is-layout-flex wp-container-core-columns-is-layout-9d6595d7 wp-block-columns-is-layout-flex\">\n<div class=\"wp-block-column is-layout-flow wp-block-column-is-layout-flow\">\n<figure data-wp-context=\"{&quot;imageId&quot;:&quot;69dd9798352bb&quot;}\" data-wp-interactive=\"core\/image\" data-wp-key=\"69dd9798352bb\" class=\"wp-block-image size-full wp-lightbox-container\"><img decoding=\"async\" width=\"951\" height=\"740\" data-wp-class--hide=\"state.isContentHidden\" data-wp-class--show=\"state.isContentVisible\" data-wp-init=\"callbacks.setButtonStyles\" data-wp-on--click=\"actions.showLightbox\" data-wp-on--load=\"callbacks.setButtonStyles\" data-wp-on-window--resize=\"callbacks.setButtonStyles\" src=\"https:\/\/belgianbuggy.com\/wp-content\/uploads\/2024\/01\/Screenshot_20240117_164930_Google-3.jpg\" alt=\"\" class=\"wp-image-1505\" srcset=\"https:\/\/belgianbuggy.com\/wp-content\/uploads\/2024\/01\/Screenshot_20240117_164930_Google-3.jpg 951w, https:\/\/belgianbuggy.com\/wp-content\/uploads\/2024\/01\/Screenshot_20240117_164930_Google-3-300x233.jpg 300w, https:\/\/belgianbuggy.com\/wp-content\/uploads\/2024\/01\/Screenshot_20240117_164930_Google-3-768x598.jpg 768w\" sizes=\"(max-width: 951px) 100vw, 951px\" \/><button\n\t\t\tclass=\"lightbox-trigger\"\n\t\t\ttype=\"button\"\n\t\t\taria-haspopup=\"dialog\"\n\t\t\taria-label=\"Enlarge\"\n\t\t\tdata-wp-init=\"callbacks.initTriggerButton\"\n\t\t\tdata-wp-on--click=\"actions.showLightbox\"\n\t\t\tdata-wp-style--right=\"state.imageButtonRight\"\n\t\t\tdata-wp-style--top=\"state.imageButtonTop\"\n\t\t>\n\t\t\t<svg xmlns=\"http:\/\/www.w3.org\/2000\/svg\" width=\"12\" height=\"12\" fill=\"none\" viewBox=\"0 0 12 12\">\n\t\t\t\t<path fill=\"#fff\" d=\"M2 0a2 2 0 0 0-2 2v2h1.5V2a.5.5 0 0 1 .5-.5h2V0H2Zm2 10.5H2a.5.5 0 0 1-.5-.5V8H0v2a2 2 0 0 0 2 2h2v-1.5ZM8 12v-1.5h2a.5.5 0 0 0 .5-.5V8H12v2a2 2 0 0 1-2 2H8Zm2-12a2 2 0 0 1 2 2v2h-1.5V2a.5.5 0 0 0-.5-.5H8V0h2Z\" \/>\n\t\t\t<\/svg>\n\t\t<\/button><\/figure>\n<\/div>\n\n\n\n<div class=\"wp-block-column is-layout-flow wp-block-column-is-layout-flow\">\n<p><\/p>\n\n\n\n<p><a href=\"https:\/\/belgianbuggy.com\/index.php\/belgian-buggy\/photo-vanclee-deuxieme-generation\/\" title=\"photo Vanclee deuxi\u00e8me g\u00e9n\u00e9ration\">photo Vanclee deuxi\u00e8me g\u00e9n\u00e9ration<\/a><\/p>\n<\/div>\n<\/div>\n\n\n\n<p class=\"has-text-align-center\">Vanclee deuxi\u00e8me g\u00e9n\u00e9ration<\/p>\n\n\n\n<div class=\"wp-block-columns is-layout-flex wp-container-core-columns-is-layout-9d6595d7 wp-block-columns-is-layout-flex\">\n<div class=\"wp-block-column is-layout-flow wp-block-column-is-layout-flow\">\n<figure data-wp-context=\"{&quot;imageId&quot;:&quot;69dd979835638&quot;}\" data-wp-interactive=\"core\/image\" data-wp-key=\"69dd979835638\" class=\"wp-block-image size-large wp-lightbox-container\"><img decoding=\"async\" width=\"1024\" height=\"612\" data-wp-class--hide=\"state.isContentHidden\" data-wp-class--show=\"state.isContentVisible\" data-wp-init=\"callbacks.setButtonStyles\" data-wp-on--click=\"actions.showLightbox\" data-wp-on--load=\"callbacks.setButtonStyles\" data-wp-on-window--resize=\"callbacks.setButtonStyles\" src=\"https:\/\/belgianbuggy.com\/wp-content\/uploads\/2024\/01\/Screenshot_20240117_164825_Google-2-1024x612.jpg\" alt=\"\" class=\"wp-image-1507\" srcset=\"https:\/\/belgianbuggy.com\/wp-content\/uploads\/2024\/01\/Screenshot_20240117_164825_Google-2-1024x612.jpg 1024w, https:\/\/belgianbuggy.com\/wp-content\/uploads\/2024\/01\/Screenshot_20240117_164825_Google-2-300x179.jpg 300w, https:\/\/belgianbuggy.com\/wp-content\/uploads\/2024\/01\/Screenshot_20240117_164825_Google-2-768x459.jpg 768w, https:\/\/belgianbuggy.com\/wp-content\/uploads\/2024\/01\/Screenshot_20240117_164825_Google-2.jpg 1080w\" sizes=\"(max-width: 1024px) 100vw, 1024px\" \/><button\n\t\t\tclass=\"lightbox-trigger\"\n\t\t\ttype=\"button\"\n\t\t\taria-haspopup=\"dialog\"\n\t\t\taria-label=\"Enlarge\"\n\t\t\tdata-wp-init=\"callbacks.initTriggerButton\"\n\t\t\tdata-wp-on--click=\"actions.showLightbox\"\n\t\t\tdata-wp-style--right=\"state.imageButtonRight\"\n\t\t\tdata-wp-style--top=\"state.imageButtonTop\"\n\t\t>\n\t\t\t<svg xmlns=\"http:\/\/www.w3.org\/2000\/svg\" width=\"12\" height=\"12\" fill=\"none\" viewBox=\"0 0 12 12\">\n\t\t\t\t<path fill=\"#fff\" d=\"M2 0a2 2 0 0 0-2 2v2h1.5V2a.5.5 0 0 1 .5-.5h2V0H2Zm2 10.5H2a.5.5 0 0 1-.5-.5V8H0v2a2 2 0 0 0 2 2h2v-1.5ZM8 12v-1.5h2a.5.5 0 0 0 .5-.5V8H12v2a2 2 0 0 1-2 2H8Zm2-12a2 2 0 0 1 2 2v2h-1.5V2a.5.5 0 0 0-.5-.5H8V0h2Z\" \/>\n\t\t\t<\/svg>\n\t\t<\/button><\/figure>\n<\/div>\n\n\n\n<div class=\"wp-block-column is-layout-flow wp-block-column-is-layout-flow\">\n<p><a href=\"https:\/\/belgianbuggy.com\/index.php\/belgian-buggy\/photo-vanclee-troisieme-generation\/\" title=\"photo Vanclee troisi\u00e8me g\u00e9n\u00e9ration\">photo Vanclee troisi\u00e8me g\u00e9n\u00e9ration<\/a><\/p>\n<\/div>\n<\/div>\n\n\n\n<p class=\"has-text-align-center\">Vanclee troisi\u00e8me g\u00e9n\u00e9ration<\/p>\n\n\n\n<div class=\"wp-block-columns is-layout-flex wp-container-core-columns-is-layout-9d6595d7 wp-block-columns-is-layout-flex\">\n<div class=\"wp-block-column is-layout-flow wp-block-column-is-layout-flow\">\n<figure data-wp-context=\"{&quot;imageId&quot;:&quot;69dd9798359c2&quot;}\" data-wp-interactive=\"core\/image\" data-wp-key=\"69dd9798359c2\" class=\"wp-block-image size-large wp-lightbox-container\"><img decoding=\"async\" width=\"1024\" height=\"660\" data-wp-class--hide=\"state.isContentHidden\" data-wp-class--show=\"state.isContentVisible\" data-wp-init=\"callbacks.setButtonStyles\" data-wp-on--click=\"actions.showLightbox\" data-wp-on--load=\"callbacks.setButtonStyles\" data-wp-on-window--resize=\"callbacks.setButtonStyles\" src=\"https:\/\/belgianbuggy.com\/wp-content\/uploads\/2024\/01\/Screenshot_20240105_074621_Google-2-1024x660.jpg\" alt=\"\" class=\"wp-image-1338\" srcset=\"https:\/\/belgianbuggy.com\/wp-content\/uploads\/2024\/01\/Screenshot_20240105_074621_Google-2-1024x660.jpg 1024w, https:\/\/belgianbuggy.com\/wp-content\/uploads\/2024\/01\/Screenshot_20240105_074621_Google-2-300x193.jpg 300w, https:\/\/belgianbuggy.com\/wp-content\/uploads\/2024\/01\/Screenshot_20240105_074621_Google-2-768x495.jpg 768w, https:\/\/belgianbuggy.com\/wp-content\/uploads\/2024\/01\/Screenshot_20240105_074621_Google-2.jpg 1080w\" sizes=\"(max-width: 1024px) 100vw, 1024px\" \/><button\n\t\t\tclass=\"lightbox-trigger\"\n\t\t\ttype=\"button\"\n\t\t\taria-haspopup=\"dialog\"\n\t\t\taria-label=\"Enlarge\"\n\t\t\tdata-wp-init=\"callbacks.initTriggerButton\"\n\t\t\tdata-wp-on--click=\"actions.showLightbox\"\n\t\t\tdata-wp-style--right=\"state.imageButtonRight\"\n\t\t\tdata-wp-style--top=\"state.imageButtonTop\"\n\t\t>\n\t\t\t<svg xmlns=\"http:\/\/www.w3.org\/2000\/svg\" width=\"12\" height=\"12\" fill=\"none\" viewBox=\"0 0 12 12\">\n\t\t\t\t<path fill=\"#fff\" d=\"M2 0a2 2 0 0 0-2 2v2h1.5V2a.5.5 0 0 1 .5-.5h2V0H2Zm2 10.5H2a.5.5 0 0 1-.5-.5V8H0v2a2 2 0 0 0 2 2h2v-1.5ZM8 12v-1.5h2a.5.5 0 0 0 .5-.5V8H12v2a2 2 0 0 1-2 2H8Zm2-12a2 2 0 0 1 2 2v2h-1.5V2a.5.5 0 0 0-.5-.5H8V0h2Z\" \/>\n\t\t\t<\/svg>\n\t\t<\/button><\/figure>\n<\/div>\n\n\n\n<div class=\"wp-block-column is-layout-flow wp-block-column-is-layout-flow\">\n<p><a href=\"https:\/\/belgianbuggy.com\/index.php\/belgian-buggy\/info-tech-vanclee-highway\/\" title=\"info tech Vanclee Highway\">info tech Vanclee Highway<\/a><\/p>\n\n\n\n<p><a href=\"https:\/\/belgianbuggy.com\/index.php\/belgian-buggy\/photo-vanclee-highway\/\" title=\"photo Vanclee Highway\">photo Vanclee Highway<\/a><\/p>\n\n\n\n<p> <a href=\"https:\/\/belgianbuggy.com\/index.php\/belgian-buggy\/publicites-vanclee-highway\/\" title=\"publicites Vanclee Highway\">publicites Vanclee Highway<\/a><\/p>\n<\/div>\n<\/div>\n\n\n\n<p class=\"has-text-align-center\">Vanclee  Highway<\/p>\n\n\n\n<div class=\"wp-block-columns is-layout-flex wp-container-core-columns-is-layout-9d6595d7 wp-block-columns-is-layout-flex\">\n<div class=\"wp-block-column is-layout-flow wp-block-column-is-layout-flow\">\n<figure data-wp-context=\"{&quot;imageId&quot;:&quot;69dd979835f44&quot;}\" data-wp-interactive=\"core\/image\" data-wp-key=\"69dd979835f44\" class=\"wp-block-image size-large wp-lightbox-container\"><img decoding=\"async\" width=\"1024\" height=\"465\" data-wp-class--hide=\"state.isContentHidden\" data-wp-class--show=\"state.isContentVisible\" data-wp-init=\"callbacks.setButtonStyles\" data-wp-on--click=\"actions.showLightbox\" data-wp-on--load=\"callbacks.setButtonStyles\" data-wp-on-window--resize=\"callbacks.setButtonStyles\" src=\"https:\/\/belgianbuggy.com\/wp-content\/uploads\/2024\/01\/Screenshot_20240105_074413_Google-1-1024x465.jpg\" alt=\"\" class=\"wp-image-1340\" srcset=\"https:\/\/belgianbuggy.com\/wp-content\/uploads\/2024\/01\/Screenshot_20240105_074413_Google-1-1024x465.jpg 1024w, https:\/\/belgianbuggy.com\/wp-content\/uploads\/2024\/01\/Screenshot_20240105_074413_Google-1-300x136.jpg 300w, https:\/\/belgianbuggy.com\/wp-content\/uploads\/2024\/01\/Screenshot_20240105_074413_Google-1-768x348.jpg 768w, https:\/\/belgianbuggy.com\/wp-content\/uploads\/2024\/01\/Screenshot_20240105_074413_Google-1.jpg 1080w\" sizes=\"(max-width: 1024px) 100vw, 1024px\" \/><button\n\t\t\tclass=\"lightbox-trigger\"\n\t\t\ttype=\"button\"\n\t\t\taria-haspopup=\"dialog\"\n\t\t\taria-label=\"Enlarge\"\n\t\t\tdata-wp-init=\"callbacks.initTriggerButton\"\n\t\t\tdata-wp-on--click=\"actions.showLightbox\"\n\t\t\tdata-wp-style--right=\"state.imageButtonRight\"\n\t\t\tdata-wp-style--top=\"state.imageButtonTop\"\n\t\t>\n\t\t\t<svg xmlns=\"http:\/\/www.w3.org\/2000\/svg\" width=\"12\" height=\"12\" fill=\"none\" viewBox=\"0 0 12 12\">\n\t\t\t\t<path fill=\"#fff\" d=\"M2 0a2 2 0 0 0-2 2v2h1.5V2a.5.5 0 0 1 .5-.5h2V0H2Zm2 10.5H2a.5.5 0 0 1-.5-.5V8H0v2a2 2 0 0 0 2 2h2v-1.5ZM8 12v-1.5h2a.5.5 0 0 0 .5-.5V8H12v2a2 2 0 0 1-2 2H8Zm2-12a2 2 0 0 1 2 2v2h-1.5V2a.5.5 0 0 0-.5-.5H8V0h2Z\" \/>\n\t\t\t<\/svg>\n\t\t<\/button><\/figure>\n<\/div>\n\n\n\n<div class=\"wp-block-column is-layout-flow wp-block-column-is-layout-flow\">\n<p><a href=\"https:\/\/belgianbuggy.com\/index.php\/belgian-buggy\/info-tech-vanclee-mungo\/\" title=\"info tech Vanclee Mungo\">info tech Vanclee Mungo<\/a><\/p>\n\n\n\n<p><a href=\"https:\/\/belgianbuggy.com\/index.php\/belgian-buggy\/photo-vanclee-mungo\/\" title=\"photo Vanclee Mungo\">photo Vanclee Mungo<\/a><\/p>\n\n\n\n<p><a href=\"https:\/\/belgianbuggy.com\/index.php\/belgian-buggy\/publicites-vanclee-mungo\/\" title=\"publicit\u00e9s Vanclee Mungo\">publicit\u00e9s Vanclee Mungo<\/a><\/p>\n<\/div>\n<\/div>\n\n\n\n<p>Vanclee Mungo<\/p>\n\n\n\n<p><\/p>\n","protected":false},"excerpt":{"rendered":"<p>info tech Vanclee photo Vanclee premi\u00e8re g\u00e9n\u00e9ration publicit\u00e9s Vanclee Vanclee premi\u00e8re g\u00e9n\u00e9ration photo Vanclee deuxi\u00e8me g\u00e9n\u00e9ration Vanclee deuxi\u00e8me g\u00e9n\u00e9ration photo Vanclee troisi\u00e8me g\u00e9n\u00e9ration Vanclee troisi\u00e8me g\u00e9n\u00e9ration info tech Vanclee Highway photo Vanclee Highway publicites Vanclee Highway Vanclee Highway info tech Vanclee Mungo photo Vanclee Mungo publicit\u00e9s Vanclee Mungo Vanclee Mungo<\/p>\n","protected":false},"author":1,"featured_media":0,"parent":0,"menu_order":0,"comment_status":"closed","ping_status":"closed","template":"","meta":{"_monsterinsights_skip_tracking":false,"_monsterinsights_sitenote_active":false,"_monsterinsights_sitenote_note":"","_monsterinsights_sitenote_category":0,"footnotes":""},"class_list":["post-15","page","type-page","status-publish","hentry"],"aioseo_notices":[],"_links":{"self":[{"href":"https:\/\/belgianbuggy.com\/index.php\/wp-json\/wp\/v2\/pages\/15","targetHints":{"allow":["GET"]}}],"collection":[{"href":"https:\/\/belgianbuggy.com\/index.php\/wp-json\/wp\/v2\/pages"}],"about":[{"href":"https:\/\/belgianbuggy.com\/index.php\/wp-json\/wp\/v2\/types\/page"}],"author":[{"embeddable":true,"href":"https:\/\/belgianbuggy.com\/index.php\/wp-json\/wp\/v2\/users\/1"}],"replies":[{"embeddable":true,"href":"https:\/\/belgianbuggy.com\/index.php\/wp-json\/wp\/v2\/comments?post=15"}],"version-history":[{"count":18,"href":"https:\/\/belgianbuggy.com\/index.php\/wp-json\/wp\/v2\/pages\/15\/revisions"}],"predecessor-version":[{"id":5555,"href":"https:\/\/belgianbuggy.com\/index.php\/wp-json\/wp\/v2\/pages\/15\/revisions\/5555"}],"wp:attachment":[{"href":"https:\/\/belgianbuggy.com\/index.php\/wp-json\/wp\/v2\/media?parent=15"}],"curies":[{"name":"wp","href":"https:\/\/api.w.org\/{rel}","templated":true}]}}